{"id":2728,"date":"2025-10-17T16:53:52","date_gmt":"2025-10-17T14:53:52","guid":{"rendered":"https:\/\/infoguest.promoservicebeta.com\/spa-menue\/"},"modified":"2026-03-11T12:01:43","modified_gmt":"2026-03-11T11:01:43","slug":"spa-menue","status":"publish","type":"page","link":"https:\/\/infoguest.promoservicebeta.com\/de\/spa-menue\/","title":{"rendered":"SPA-Men\u00fc"},"content":{"rendered":"\t\t<div data-elementor-type=\"wp-page\" data-elementor-id=\"2728\" class=\"elementor elementor-2728 elementor-34\" data-elementor-post-type=\"page\">\n\t\t\t\t<div class=\"elementor-element elementor-element-fe55479 e-flex e-con-boxed e-con e-parent\" data-id=\"fe55479\" data-element_type=\"container\" data-e-type=\"container\">\n\t\t\t\t\t<div class=\"e-con-inner\">\n\t\t\t\t<div class=\"elementor-element elementor-element-1124c71c elementor-view-framed elementor-position-inline-start elementor-mobile-position-inline-start elementor-shape-circle elementor-widget elementor-widget-icon-box\" data-id=\"1124c71c\" data-element_type=\"widget\" data-e-type=\"widget\" data-widget_type=\"icon-box.default\">\n\t\t\t\t\t\t\t<div class=\"elementor-icon-box-wrapper\">\n\n\t\t\t\t\t\t<div class=\"elementor-icon-box-icon\">\n\t\t\t\t<a href=\"https:\/\/infoguest.promoservicebeta.com\/de\/spa-menue\/\" class=\"elementor-icon\" tabindex=\"-1\" aria-label=\"SPA-Men\u00fc\">\n\t\t\t\t<svg xmlns=\"http:\/\/www.w3.org\/2000\/svg\" width=\"27\" height=\"20\" viewBox=\"0 0 27 20\" fill=\"none\"><path d=\"M22.1311 3.47826H2.65574V1.30435C2.65574 0.958413 2.51584 0.626647 2.26681 0.382034C2.01779 0.137422 1.68004 0 1.32787 0C0.975696 0 0.637948 0.137422 0.388924 0.382034C0.1399 0.626647 0 0.958413 0 1.30435V18.6957C0 19.0416 0.1399 19.3734 0.388924 19.618C0.637948 19.8626 0.975696 20 1.32787 20C1.68004 20 2.01779 19.8626 2.26681 19.618C2.51584 19.3734 2.65574 19.0416 2.65574 18.6957V15.6522H24.3443V18.6957C24.3443 19.0416 24.4842 19.3734 24.7332 19.618C24.9822 19.8626 25.32 20 25.6721 20C26.0243 20 26.3621 19.8626 26.6111 19.618C26.8601 19.3734 27 19.0416 27 18.6957V8.26087C26.9985 6.99288 26.4851 5.77724 25.5723 4.88064C24.6596 3.98404 23.422 3.4797 22.1311 3.47826ZM9.73771 13.0435H2.65574V6.08696H9.73771V13.0435ZM24.3443 13.0435H12.3934V6.08696H22.1311C22.7181 6.08696 23.281 6.31599 23.6961 6.72368C24.1111 7.13137 24.3443 7.68431 24.3443 8.26087V13.0435Z\" fill=\"#86267A\"><\/path><\/svg>\t\t\t\t<\/a>\n\t\t\t<\/div>\n\t\t\t\n\t\t\t\t\t\t<div class=\"elementor-icon-box-content\">\n\n\t\t\t\t\t\t\t\t\t<h1 class=\"elementor-icon-box-title\">\n\t\t\t\t\t\t<a href=\"https:\/\/infoguest.promoservicebeta.com\/de\/spa-menue\/\" >\n\t\t\t\t\t\t\tSPA-Men\u00fc\t\t\t\t\t\t<\/a>\n\t\t\t\t\t<\/h1>\n\t\t\t\t\n\t\t\t\t\n\t\t\t<\/div>\n\t\t\t\n\t\t<\/div>\n\t\t\t\t\t\t<\/div>\n\t\t\t\t\t<\/div>\n\t\t\t\t<\/div>\n\t\t<div class=\"elementor-element elementor-element-2490fe0 e-flex e-con-boxed e-con e-parent\" data-id=\"2490fe0\" data-element_type=\"container\" data-e-type=\"container\">\n\t\t\t\t\t<div class=\"e-con-inner\">\n\t\t\t\t<div class=\"elementor-element elementor-element-73555fdb elementor-widget elementor-widget-text-editor\" data-id=\"73555fdb\" data-element_type=\"widget\" data-e-type=\"widget\" data-widget_type=\"text-editor.default\">\n\t\t\t\t\t\t\t\t\t<p>Willkommen im Hotel Savoia Therm\u00e6 &amp; SPA! Die Direktion und das Personal w\u00fcnschen Ihnen einen erholsamen und erfrischenden Aufenthalt.<\/p>\t\t\t\t\t\t\t\t<\/div>\n\t\t\t\t<div class=\"elementor-element elementor-element-3e698655 elementor-widget elementor-widget-heading\" data-id=\"3e698655\" data-element_type=\"widget\" data-e-type=\"widget\" data-widget_type=\"heading.default\">\n\t\t\t\t\t<h2 class=\"elementor-heading-title elementor-size-default\">N\u00dcTZLICHE ZIFFERN<\/h2>\t\t\t\t<\/div>\n\t\t\t\t<div class=\"elementor-element elementor-element-2cee482c elementor-widget elementor-widget-html\" data-id=\"2cee482c\" data-element_type=\"widget\" data-e-type=\"widget\" data-widget_type=\"html.default\">\n\t\t\t\t\t<table class=\"style-table\">\n<tbody>\n<tr>\n<td>SPA<\/td>\n<td>103<\/td>\n<\/tr>\n<\/tbody>\n<\/table>\t\t\t\t<\/div>\n\t\t\t\t\t<\/div>\n\t\t\t\t<\/div>\n\t\t<div class=\"elementor-element elementor-element-a16c895 e-flex e-con-boxed e-con e-parent\" data-id=\"a16c895\" data-element_type=\"container\" data-e-type=\"container\">\n\t\t\t\t\t<div class=\"e-con-inner\">\n\t\t\t\t<div class=\"elementor-element elementor-element-c57bead elementor-widget elementor-widget-heading\" data-id=\"c57bead\" data-element_type=\"widget\" data-e-type=\"widget\" data-widget_type=\"heading.default\">\n\t\t\t\t\t<h2 class=\"elementor-heading-title elementor-size-default\">BEHANDLUNGSVERZEICHNIS<\/h2>\t\t\t\t<\/div>\n\t\t\t\t\t<\/div>\n\t\t\t\t<\/div>\n\t\t<div class=\"elementor-element elementor-element-50bb6ef4 e-flex e-con-boxed e-con e-parent\" data-id=\"50bb6ef4\" data-element_type=\"container\" data-e-type=\"container\">\n\t\t\t\t\t<div class=\"e-con-inner\">\n\t\t<a class=\"elementor-element elementor-element-34509fe7 e-con-full bkg-glass e-flex e-con e-child\" data-id=\"34509fe7\" data-element_type=\"container\" data-e-type=\"container\" href=\"https:\/\/infoguest.promoservicebeta.com\/wp-content\/uploads\/2025\/10\/Savoia-SPA-Menu-2025_IT_med.pdf\" target=\"_blank\">\n\t\t\t\t<div class=\"elementor-element elementor-element-0b4c9f4 elementor-view-default elementor-position-block-start elementor-mobile-position-block-start elementor-widget elementor-widget-icon-box\" data-id=\"0b4c9f4\" data-element_type=\"widget\" data-e-type=\"widget\" data-widget_type=\"icon-box.default\">\n\t\t\t\t\t\t\t<div class=\"elementor-icon-box-wrapper\">\n\n\t\t\t\t\t\t<div class=\"elementor-icon-box-icon\">\n\t\t\t\t<span  class=\"elementor-icon\">\n\t\t\t\t<svg xmlns=\"http:\/\/www.w3.org\/2000\/svg\" width=\"32\" height=\"32\" fill=\"#86267A\" viewBox=\"0 0 256 256\"><path d=\"M232,48H160a40,40,0,0,0-32,16A40,40,0,0,0,96,48H24a8,8,0,0,0-8,8V200a8,8,0,0,0,8,8H96a24,24,0,0,1,24,24,8,8,0,0,0,16,0,24,24,0,0,1,24-24h72a8,8,0,0,0,8-8V56A8,8,0,0,0,232,48ZM96,192H32V64H96a24,24,0,0,1,24,24V200A39.81,39.81,0,0,0,96,192Zm128,0H160a39.81,39.81,0,0,0-24,8V88a24,24,0,0,1,24-24h64ZM160,88h40a8,8,0,0,1,0,16H160a8,8,0,0,1,0-16Zm48,40a8,8,0,0,1-8,8H160a8,8,0,0,1,0-16h40A8,8,0,0,1,208,128Zm0,32a8,8,0,0,1-8,8H160a8,8,0,0,1,0-16h40A8,8,0,0,1,208,160Z\"><\/path><\/svg>\t\t\t\t<\/span>\n\t\t\t<\/div>\n\t\t\t\n\t\t\t\t\t\t<div class=\"elementor-icon-box-content\">\n\n\t\t\t\t\t\t\t\t\t<h3 class=\"elementor-icon-box-title\">\n\t\t\t\t\t\t<span  >\n\t\t\t\t\t\t\tLaden Sie das Savoia SPA Men\u00fc herunter\t\t\t\t\t\t<\/span>\n\t\t\t\t\t<\/h3>\n\t\t\t\t\n\t\t\t\t\t\t\t\t\t<p class=\"elementor-icon-box-description\">\n\t\t\t\t\t\tKlicken Sie hier, um die Preisliste herunterzuladen\t\t\t\t\t<\/p>\n\t\t\t\t\n\t\t\t<\/div>\n\t\t\t\n\t\t<\/div>\n\t\t\t\t\t\t<\/div>\n\t\t\t\t<\/a>\n\t\t\t\t\t<\/div>\n\t\t\t\t<\/div>\n\t\t\t\t<\/div>\n\t\t","protected":false},"excerpt":{"rendered":"<p>SPA-Men\u00fc Willkommen im Hotel Savoia Therm\u00e6 &amp; SPA! Die Direktion und das Personal w\u00fcnschen Ihnen einen erholsamen und erfrischenden Aufenthalt. N\u00dcTZLICHE ZIFFERN SPA 103 BEHANDLUNGSVERZEICHNIS Laden Sie das Savoia SPA Men\u00fc herunter Klicken Sie hier, um die Preisliste herunterzuladen<\/p>\n","protected":false},"author":1,"featured_media":0,"parent":0,"menu_order":65,"comment_status":"closed","ping_status":"closed","template":"","meta":{"_acf_changed":false,"inline_featured_image":false,"footnotes":""},"class_list":["post-2728","page","type-page","status-publish","hentry"],"acf":[],"yoast_head":"<!-- This site is optimized with the Yoast SEO plugin v27.1.1 - https:\/\/yoast.com\/product\/yoast-seo-wordpress\/ -->\n<title>SPA-Men\u00fc | Savoia Infoguest<\/title>\n<meta name=\"robots\" content=\"noindex, follow, max-snippet:-1, max-image-preview:large, max-video-preview:-1\" \/>\n<meta property=\"og:locale\" content=\"de_DE\" \/>\n<meta property=\"og:type\" content=\"article\" \/>\n<meta property=\"og:title\" content=\"SPA-Men\u00fc | Savoia Infoguest\" \/>\n<meta property=\"og:description\" content=\"SPA-Men\u00fc Willkommen im Hotel Savoia Therm\u00e6 &amp; SPA! Die Direktion und das Personal w\u00fcnschen Ihnen einen erholsamen und erfrischenden Aufenthalt. N\u00dcTZLICHE ZIFFERN SPA 103 BEHANDLUNGSVERZEICHNIS Laden Sie das Savoia SPA Men\u00fc herunter Klicken Sie hier, um die Preisliste herunterzuladen\" \/>\n<meta property=\"og:url\" content=\"https:\/\/infoguest.promoservicebeta.com\/de\/spa-menue\/\" \/>\n<meta property=\"og:site_name\" content=\"Savoia Infoguest\" \/>\n<meta property=\"article:publisher\" content=\"http:\/\/www.facebook.com\/savoiaterme\" \/>\n<meta property=\"article:modified_time\" content=\"2026-03-11T11:01:43+00:00\" \/>\n<meta property=\"og:image\" content=\"https:\/\/infoguest.promoservicebeta.com\/wp-content\/uploads\/2025\/10\/logo_Savoia_infoguest.png\" \/>\n\t<meta property=\"og:image:width\" content=\"250\" \/>\n\t<meta property=\"og:image:height\" content=\"119\" \/>\n\t<meta property=\"og:image:type\" content=\"image\/png\" \/>\n<meta name=\"twitter:card\" content=\"summary_large_image\" \/>\n<script type=\"application\/ld+json\" class=\"yoast-schema-graph\">{\"@context\":\"https:\/\/schema.org\",\"@graph\":[{\"@type\":\"WebPage\",\"@id\":\"https:\/\/infoguest.promoservicebeta.com\/de\/spa-menue\/\",\"url\":\"https:\/\/infoguest.promoservicebeta.com\/de\/spa-menue\/\",\"name\":\"SPA-Men\u00fc | Savoia Infoguest\",\"isPartOf\":{\"@id\":\"https:\/\/infoguest.promoservicebeta.com\/de\/#website\"},\"datePublished\":\"2025-10-17T14:53:52+00:00\",\"dateModified\":\"2026-03-11T11:01:43+00:00\",\"breadcrumb\":{\"@id\":\"https:\/\/infoguest.promoservicebeta.com\/de\/spa-menue\/#breadcrumb\"},\"inLanguage\":\"de\",\"potentialAction\":[{\"@type\":\"ReadAction\",\"target\":[\"https:\/\/infoguest.promoservicebeta.com\/de\/spa-menue\/\"]}]},{\"@type\":\"BreadcrumbList\",\"@id\":\"https:\/\/infoguest.promoservicebeta.com\/de\/spa-menue\/#breadcrumb\",\"itemListElement\":[{\"@type\":\"ListItem\",\"position\":1,\"name\":\"Home\",\"item\":\"https:\/\/infoguest.promoservicebeta.com\/de\/\"},{\"@type\":\"ListItem\",\"position\":2,\"name\":\"SPA-Men\u00fc\"}]},{\"@type\":\"WebSite\",\"@id\":\"https:\/\/infoguest.promoservicebeta.com\/de\/#website\",\"url\":\"https:\/\/infoguest.promoservicebeta.com\/de\/\",\"name\":\"Savoia Infoguest\",\"description\":\"\",\"publisher\":{\"@id\":\"https:\/\/infoguest.promoservicebeta.com\/de\/#organization\"},\"potentialAction\":[{\"@type\":\"SearchAction\",\"target\":{\"@type\":\"EntryPoint\",\"urlTemplate\":\"https:\/\/infoguest.promoservicebeta.com\/de\/?s={search_term_string}\"},\"query-input\":{\"@type\":\"PropertyValueSpecification\",\"valueRequired\":true,\"valueName\":\"search_term_string\"}}],\"inLanguage\":\"de\"},{\"@type\":\"Organization\",\"@id\":\"https:\/\/infoguest.promoservicebeta.com\/de\/#organization\",\"name\":\"Savoia Infoguest\",\"url\":\"https:\/\/infoguest.promoservicebeta.com\/de\/\",\"logo\":{\"@type\":\"ImageObject\",\"inLanguage\":\"de\",\"@id\":\"https:\/\/infoguest.promoservicebeta.com\/de\/#\/schema\/logo\/image\/\",\"url\":\"https:\/\/infoguest.promoservicebeta.com\/wp-content\/uploads\/2025\/10\/logo_Savoia_infoguest.png\",\"contentUrl\":\"https:\/\/infoguest.promoservicebeta.com\/wp-content\/uploads\/2025\/10\/logo_Savoia_infoguest.png\",\"width\":250,\"height\":119,\"caption\":\"Savoia Infoguest\"},\"image\":{\"@id\":\"https:\/\/infoguest.promoservicebeta.com\/de\/#\/schema\/logo\/image\/\"},\"sameAs\":[\"http:\/\/www.facebook.com\/savoiaterme\",\"https:\/\/www.instagram.com\/savoiatermeabano\/\",\"https:\/\/wa.me\/393371083111\"]}]}<\/script>\n<!-- \/ Yoast SEO plugin. -->","yoast_head_json":{"title":"SPA-Men\u00fc | Savoia Infoguest","robots":{"index":"noindex","follow":"follow","max-snippet":"max-snippet:-1","max-image-preview":"max-image-preview:large","max-video-preview":"max-video-preview:-1"},"og_locale":"de_DE","og_type":"article","og_title":"SPA-Men\u00fc | Savoia Infoguest","og_description":"SPA-Men\u00fc Willkommen im Hotel Savoia Therm\u00e6 &amp; SPA! Die Direktion und das Personal w\u00fcnschen Ihnen einen erholsamen und erfrischenden Aufenthalt. N\u00dcTZLICHE ZIFFERN SPA 103 BEHANDLUNGSVERZEICHNIS Laden Sie das Savoia SPA Men\u00fc herunter Klicken Sie hier, um die Preisliste herunterzuladen","og_url":"https:\/\/infoguest.promoservicebeta.com\/de\/spa-menue\/","og_site_name":"Savoia Infoguest","article_publisher":"http:\/\/www.facebook.com\/savoiaterme","article_modified_time":"2026-03-11T11:01:43+00:00","og_image":[{"width":250,"height":119,"url":"https:\/\/infoguest.promoservicebeta.com\/wp-content\/uploads\/2025\/10\/logo_Savoia_infoguest.png","type":"image\/png"}],"twitter_card":"summary_large_image","schema":{"@context":"https:\/\/schema.org","@graph":[{"@type":"WebPage","@id":"https:\/\/infoguest.promoservicebeta.com\/de\/spa-menue\/","url":"https:\/\/infoguest.promoservicebeta.com\/de\/spa-menue\/","name":"SPA-Men\u00fc | Savoia Infoguest","isPartOf":{"@id":"https:\/\/infoguest.promoservicebeta.com\/de\/#website"},"datePublished":"2025-10-17T14:53:52+00:00","dateModified":"2026-03-11T11:01:43+00:00","breadcrumb":{"@id":"https:\/\/infoguest.promoservicebeta.com\/de\/spa-menue\/#breadcrumb"},"inLanguage":"de","potentialAction":[{"@type":"ReadAction","target":["https:\/\/infoguest.promoservicebeta.com\/de\/spa-menue\/"]}]},{"@type":"BreadcrumbList","@id":"https:\/\/infoguest.promoservicebeta.com\/de\/spa-menue\/#breadcrumb","itemListElement":[{"@type":"ListItem","position":1,"name":"Home","item":"https:\/\/infoguest.promoservicebeta.com\/de\/"},{"@type":"ListItem","position":2,"name":"SPA-Men\u00fc"}]},{"@type":"WebSite","@id":"https:\/\/infoguest.promoservicebeta.com\/de\/#website","url":"https:\/\/infoguest.promoservicebeta.com\/de\/","name":"Savoia Infoguest","description":"","publisher":{"@id":"https:\/\/infoguest.promoservicebeta.com\/de\/#organization"},"potentialAction":[{"@type":"SearchAction","target":{"@type":"EntryPoint","urlTemplate":"https:\/\/infoguest.promoservicebeta.com\/de\/?s={search_term_string}"},"query-input":{"@type":"PropertyValueSpecification","valueRequired":true,"valueName":"search_term_string"}}],"inLanguage":"de"},{"@type":"Organization","@id":"https:\/\/infoguest.promoservicebeta.com\/de\/#organization","name":"Savoia Infoguest","url":"https:\/\/infoguest.promoservicebeta.com\/de\/","logo":{"@type":"ImageObject","inLanguage":"de","@id":"https:\/\/infoguest.promoservicebeta.com\/de\/#\/schema\/logo\/image\/","url":"https:\/\/infoguest.promoservicebeta.com\/wp-content\/uploads\/2025\/10\/logo_Savoia_infoguest.png","contentUrl":"https:\/\/infoguest.promoservicebeta.com\/wp-content\/uploads\/2025\/10\/logo_Savoia_infoguest.png","width":250,"height":119,"caption":"Savoia Infoguest"},"image":{"@id":"https:\/\/infoguest.promoservicebeta.com\/de\/#\/schema\/logo\/image\/"},"sameAs":["http:\/\/www.facebook.com\/savoiaterme","https:\/\/www.instagram.com\/savoiatermeabano\/","https:\/\/wa.me\/393371083111"]}]}},"_links":{"self":[{"href":"https:\/\/infoguest.promoservicebeta.com\/de\/wp-json\/wp\/v2\/pages\/2728","targetHints":{"allow":["GET"]}}],"collection":[{"href":"https:\/\/infoguest.promoservicebeta.com\/de\/wp-json\/wp\/v2\/pages"}],"about":[{"href":"https:\/\/infoguest.promoservicebeta.com\/de\/wp-json\/wp\/v2\/types\/page"}],"author":[{"embeddable":true,"href":"https:\/\/infoguest.promoservicebeta.com\/de\/wp-json\/wp\/v2\/users\/1"}],"replies":[{"embeddable":true,"href":"https:\/\/infoguest.promoservicebeta.com\/de\/wp-json\/wp\/v2\/comments?post=2728"}],"version-history":[{"count":1,"href":"https:\/\/infoguest.promoservicebeta.com\/de\/wp-json\/wp\/v2\/pages\/2728\/revisions"}],"predecessor-version":[{"id":2733,"href":"https:\/\/infoguest.promoservicebeta.com\/de\/wp-json\/wp\/v2\/pages\/2728\/revisions\/2733"}],"wp:attachment":[{"href":"https:\/\/infoguest.promoservicebeta.com\/de\/wp-json\/wp\/v2\/media?parent=2728"}],"curies":[{"name":"wp","href":"https:\/\/api.w.org\/{rel}","templated":true}]}}