{"id":2976,"date":"2025-10-17T16:53:17","date_gmt":"2025-10-17T14:53:17","guid":{"rendered":"https:\/\/infoguest.promoservicebeta.com\/restaurant-menue\/"},"modified":"2026-03-11T12:03:57","modified_gmt":"2026-03-11T11:03:57","slug":"restaurant-menue","status":"publish","type":"page","link":"https:\/\/infoguest.promoservicebeta.com\/de\/restaurant-menue\/","title":{"rendered":"Restaurant Men\u00fc"},"content":{"rendered":"\t\t<div data-elementor-type=\"wp-page\" data-elementor-id=\"2976\" class=\"elementor elementor-2976 elementor-29\" data-elementor-post-type=\"page\">\n\t\t\t\t<div class=\"elementor-element elementor-element-4ba2ae17 e-flex e-con-boxed e-con e-parent\" data-id=\"4ba2ae17\" data-element_type=\"container\" data-e-type=\"container\">\n\t\t\t\t\t<div class=\"e-con-inner\">\n\t\t\t\t<div class=\"elementor-element elementor-element-53f89a82 elementor-view-framed elementor-position-inline-start elementor-mobile-position-inline-start elementor-shape-circle elementor-widget elementor-widget-icon-box\" data-id=\"53f89a82\" data-element_type=\"widget\" data-e-type=\"widget\" data-widget_type=\"icon-box.default\">\n\t\t\t\t\t\t\t<div class=\"elementor-icon-box-wrapper\">\n\n\t\t\t\t\t\t<div class=\"elementor-icon-box-icon\">\n\t\t\t\t<a href=\"https:\/\/infoguest.promoservicebeta.com\/de\/zimmer-dienstleistungen\/\" class=\"elementor-icon\" tabindex=\"-1\" aria-label=\"Restaurant\">\n\t\t\t\t<svg xmlns=\"http:\/\/www.w3.org\/2000\/svg\" width=\"28\" height=\"26\" viewBox=\"0 0 28 26\" fill=\"none\"><path d=\"M27.7696 11.4628C27.7674 9.57366 27.016 7.76251 25.6801 6.42667C24.3443 5.09084 22.5331 4.3394 20.644 4.3372C20.5252 4.3372 20.4124 4.3372 20.2972 4.3467C19.6923 3.19889 18.7855 2.23802 17.6746 1.56774C16.5637 0.897459 15.2909 0.543213 13.9934 0.543213C12.696 0.543213 11.4231 0.897459 10.3122 1.56774C9.20132 2.23802 8.29451 3.19889 7.68961 4.3467C7.58035 4.3372 7.46159 4.3372 7.34283 4.3372C5.7537 4.34049 4.21128 4.8749 2.96075 5.85548C1.71022 6.83605 0.823368 8.2065 0.441159 9.74899C0.0589511 11.2915 0.203328 12.9175 0.851338 14.3685C1.49935 15.8195 2.6138 17.0122 4.01754 17.7571V22.8638C4.01754 23.4937 4.26778 24.0979 4.71322 24.5433C5.15866 24.9888 5.7628 25.239 6.39274 25.239H21.5941C22.224 25.239 22.8281 24.9888 23.2736 24.5433C23.719 24.0979 23.9693 23.4937 23.9693 22.8638V17.7571C25.1151 17.1525 26.0744 16.247 26.744 15.138C27.4136 14.0289 27.7682 12.7583 27.7696 11.4628ZM21.119 22.3888H6.86779V18.5706C7.02455 18.5813 7.1825 18.5884 7.34283 18.5884H20.644C20.8043 18.5884 20.9623 18.5813 21.119 18.5706V22.3888ZM20.644 15.7382H19.6191L20.1262 13.7086C20.2106 13.3445 20.1486 12.9618 19.9536 12.643C19.7586 12.3242 19.4461 12.0947 19.0835 12.0041C18.721 11.9135 18.3373 11.9689 18.0152 12.1584C17.6931 12.3479 17.4583 12.6564 17.3614 13.0174L16.681 15.7382H15.4185V13.363C15.4185 12.985 15.2684 12.6225 15.0011 12.3553C14.7339 12.088 14.3714 11.9379 13.9934 11.9379C13.6154 11.9379 13.253 12.088 12.9857 12.3553C12.7184 12.6225 12.5683 12.985 12.5683 13.363V15.7382H11.3059L10.6254 13.0174C10.5826 12.8331 10.5036 12.6591 10.3929 12.5057C10.2823 12.3522 10.1421 12.2223 9.98073 12.1236C9.81933 12.0248 9.63988 11.9592 9.45286 11.9306C9.26584 11.9019 9.07498 11.9108 8.89142 11.9567C8.70787 12.0026 8.53529 12.0846 8.38375 12.1979C8.23221 12.3112 8.10475 12.4535 8.0088 12.6166C7.91284 12.7796 7.85032 12.9602 7.82488 13.1477C7.79944 13.3352 7.81159 13.5258 7.86062 13.7086L8.36773 15.7382H7.34283C6.24903 15.7378 5.19698 15.3182 4.40314 14.5657C3.6093 13.8133 3.13405 12.7852 3.07517 11.693C3.01629 10.6007 3.37826 9.5275 4.08661 8.69406C4.79496 7.86061 5.79581 7.33035 6.88322 7.21238C6.87372 7.36202 6.86779 7.51166 6.86779 7.66248C6.86779 8.04045 7.01793 8.40294 7.28519 8.6702C7.55246 8.93746 7.91494 9.08761 8.29291 9.08761C8.67087 9.08761 9.03336 8.93746 9.30062 8.6702C9.56789 8.40294 9.71803 8.04045 9.71803 7.66248C9.71803 6.52859 10.1685 5.44113 10.9703 4.63934C11.772 3.83755 12.8595 3.38711 13.9934 3.38711C15.1273 3.38711 16.2148 3.83755 17.0165 4.63934C17.8183 5.44113 18.2688 6.52859 18.2688 7.66248C18.2688 8.04045 18.4189 8.40294 18.6862 8.6702C18.9534 8.93746 19.3159 9.08761 19.6939 9.08761C20.0719 9.08761 20.4343 8.93746 20.7016 8.6702C20.9689 8.40294 21.119 8.04045 21.119 7.66248C21.119 7.51166 21.1131 7.36202 21.1036 7.21238C22.191 7.33035 23.1918 7.86061 23.9002 8.69406C24.6085 9.5275 24.9705 10.6007 24.9116 11.693C24.8528 12.7852 24.3775 13.8133 23.5837 14.5657C22.7898 15.3182 21.7378 15.7378 20.644 15.7382Z\" fill=\"#86267A\"><\/path><\/svg>\t\t\t\t<\/a>\n\t\t\t<\/div>\n\t\t\t\n\t\t\t\t\t\t<div class=\"elementor-icon-box-content\">\n\n\t\t\t\t\t\t\t\t\t<h1 class=\"elementor-icon-box-title\">\n\t\t\t\t\t\t<a href=\"https:\/\/infoguest.promoservicebeta.com\/de\/zimmer-dienstleistungen\/\" >\n\t\t\t\t\t\t\tRestaurant\t\t\t\t\t\t<\/a>\n\t\t\t\t\t<\/h1>\n\t\t\t\t\n\t\t\t\t\n\t\t\t<\/div>\n\t\t\t\n\t\t<\/div>\n\t\t\t\t\t\t<\/div>\n\t\t\t\t\t<\/div>\n\t\t\t\t<\/div>\n\t\t<div class=\"elementor-element elementor-element-5b3645f5 e-grid e-con-boxed e-con e-parent\" data-id=\"5b3645f5\" data-element_type=\"container\" data-e-type=\"container\">\n\t\t\t\t\t<div class=\"e-con-inner\">\n\t\t\t\t<div class=\"elementor-element elementor-element-19e65f1e elementor-align-center bkg-glass elementor-widget elementor-widget-button\" data-id=\"19e65f1e\" data-element_type=\"widget\" data-e-type=\"widget\" data-widget_type=\"button.default\">\n\t\t\t\t\t\t\t\t\t\t<a class=\"elementor-button elementor-button-link elementor-size-sm\" href=\"https:\/\/infoguest.promoservicebeta.com\/de\/restaurant-menue\/mittagsmenue\/\">\n\t\t\t\t\t\t<span class=\"elementor-button-content-wrapper\">\n\t\t\t\t\t\t\t\t\t<span class=\"elementor-button-text\">MITTAGESSEN<\/span>\n\t\t\t\t\t<\/span>\n\t\t\t\t\t<\/a>\n\t\t\t\t\t\t\t\t<\/div>\n\t\t\t\t<div class=\"elementor-element elementor-element-11609e17 elementor-align-center bkg-glass elementor-widget elementor-widget-button\" data-id=\"11609e17\" data-element_type=\"widget\" data-e-type=\"widget\" data-widget_type=\"button.default\">\n\t\t\t\t\t\t\t\t\t\t<a class=\"elementor-button elementor-button-link elementor-size-sm\" href=\"https:\/\/infoguest.promoservicebeta.com\/de\/restaurant-menue\/menue-zum-abendessen\/\">\n\t\t\t\t\t\t<span class=\"elementor-button-content-wrapper\">\n\t\t\t\t\t\t\t\t\t<span class=\"elementor-button-text\">DINNER<\/span>\n\t\t\t\t\t<\/span>\n\t\t\t\t\t<\/a>\n\t\t\t\t\t\t\t\t<\/div>\n\t\t\t\t<div class=\"elementor-element elementor-element-8e3e584 elementor-align-center bkg-glass elementor-widget elementor-widget-button\" data-id=\"8e3e584\" data-element_type=\"widget\" data-e-type=\"widget\" data-widget_type=\"button.default\">\n\t\t\t\t\t\t\t\t\t\t<a class=\"elementor-button elementor-button-link elementor-size-sm\" href=\"https:\/\/infoguest.promoservicebeta.com\/de\/bar-menue\/\">\n\t\t\t\t\t\t<span class=\"elementor-button-content-wrapper\">\n\t\t\t\t\t\t\t\t\t<span class=\"elementor-button-text\">BAR<\/span>\n\t\t\t\t\t<\/span>\n\t\t\t\t\t<\/a>\n\t\t\t\t\t\t\t\t<\/div>\n\t\t\t\t<div class=\"elementor-element elementor-element-26b72195 elementor-align-center bkg-glass elementor-widget elementor-widget-button\" data-id=\"26b72195\" data-element_type=\"widget\" data-e-type=\"widget\" data-widget_type=\"button.default\">\n\t\t\t\t\t\t\t\t\t\t<a class=\"elementor-button elementor-button-link elementor-size-sm\" href=\"https:\/\/infoguest.promoservicebeta.com\/de\/restaurant-menue\/weinkarte\/\">\n\t\t\t\t\t\t<span class=\"elementor-button-content-wrapper\">\n\t\t\t\t\t\t\t\t\t<span class=\"elementor-button-text\">WEINLISTE<\/span>\n\t\t\t\t\t<\/span>\n\t\t\t\t\t<\/a>\n\t\t\t\t\t\t\t\t<\/div>\n\t\t\t\t\t<\/div>\n\t\t\t\t<\/div>\n\t\t<div class=\"elementor-element elementor-element-170d3e47 e-flex e-con-boxed e-con e-parent\" data-id=\"170d3e47\" data-element_type=\"container\" data-e-type=\"container\">\n\t\t\t\t\t<div class=\"e-con-inner\">\n\t\t\t\t<div class=\"elementor-element elementor-element-1783c181 elementor-widget elementor-widget-text-editor\" data-id=\"1783c181\" data-element_type=\"widget\" data-e-type=\"widget\" data-widget_type=\"text-editor.default\">\n\t\t\t\t\t\t\t\t\t<p>Gut zu leben bedeutet, auch bei der Ern\u00e4hrung auf Ihren K\u00f6rper zu achten. Im Hotel Savoia Thermae &amp; SPA achten wir sehr auf die Ern\u00e4hrung und die Speisen, die wir unseren G\u00e4sten anbieten. F\u00fcr einen Aufenthalt, bei dem Sie sich rundum wohlf\u00fchlen, schlagen wir Ihnen eine gesunde Ern\u00e4hrung mit traditionellen venezianischen Gerichten und mediterraner Kost vor, ohne dabei das Beste der internationalen K\u00f6stlichkeiten zu vernachl\u00e4ssigen.<\/p><p>Wir servieren nur hochwertige, erstklassige Produkte, denn wir glauben, dass sich das Wellness-Erlebnis auch in einer gesunden Ern\u00e4hrung widerspiegeln sollte.<\/p><p>Auf Anfrage: Men\u00fcs f\u00fcr Z\u00f6liakiekranke und Vegetarier. WIR BIETEN KEINE MEN\u00dcS F\u00dcR VEGANER AN.<\/p><p>Allergien: Die Speisekarte weist t\u00e4glich auf das Vorhandensein von Allergenen in den Gerichten hin.<\/p><p>BITTE BEACHTEN SIE: F\u00fcr diejenigen, die Vollpension oder Halbpension gebucht haben, werden nicht eingenommene Mahlzeiten nicht erstattet.<\/p>\t\t\t\t\t\t\t\t<\/div>\n\t\t\t\t<div class=\"elementor-element elementor-element-60c2323d elementor-widget elementor-widget-heading\" data-id=\"60c2323d\" data-element_type=\"widget\" data-e-type=\"widget\" data-widget_type=\"heading.default\">\n\t\t\t\t\t<h2 class=\"elementor-heading-title elementor-size-default\">N\u00dcTZLICHE ZIFFERN<\/h2>\t\t\t\t<\/div>\n\t\t\t\t<div class=\"elementor-element elementor-element-62943979 elementor-widget elementor-widget-html\" data-id=\"62943979\" data-element_type=\"widget\" data-e-type=\"widget\" data-widget_type=\"html.default\">\n\t\t\t\t\t<table class=\"style-table\">\n<tbody>\n<tr>\n<td>RESTAURANT ZIMMER<\/td>\n<td>812<\/td>\n<\/tr>\n\n<\/tbody>\n<\/table>\t\t\t\t<\/div>\n\t\t\t\t<div class=\"elementor-element elementor-element-adb2d18 elementor-widget elementor-widget-heading\" data-id=\"adb2d18\" data-element_type=\"widget\" data-e-type=\"widget\" data-widget_type=\"heading.default\">\n\t\t\t\t\t<h2 class=\"elementor-heading-title elementor-size-default\">TIMETABLES<\/h2>\t\t\t\t<\/div>\n\t\t\t\t<div class=\"elementor-element elementor-element-849372c elementor-widget elementor-widget-text-editor\" data-id=\"849372c\" data-element_type=\"widget\" data-e-type=\"widget\" data-widget_type=\"text-editor.default\">\n\t\t\t\t\t\t\t\t\t<p><em>Jeden Tag<\/em><\/p>\t\t\t\t\t\t\t\t<\/div>\n\t\t\t\t<div class=\"elementor-element elementor-element-e8dedba elementor-widget elementor-widget-html\" data-id=\"e8dedba\" data-element_type=\"widget\" data-e-type=\"widget\" data-widget_type=\"html.default\">\n\t\t\t\t\t<table class=\"style-table\">\n<tbody>\n<tr>\n<td>MITTAGESSEN<\/td>\n<td>12:30<\/td>\n<\/tr>\n<tr>\n<td>DINNER<\/td>\n<td>19:30<\/td>\n<\/tr>\n<\/tbody>\n<\/table>\t\t\t\t<\/div>\n\t\t\t\t\t<\/div>\n\t\t\t\t<\/div>\n\t\t\t\t<\/div>\n\t\t","protected":false},"excerpt":{"rendered":"<p>Restaurant MITTAGESSEN DINNER BAR WEINLISTE Gut zu leben bedeutet, auch bei der Ern\u00e4hrung auf Ihren K\u00f6rper zu achten. Im Hotel Savoia Thermae &amp; SPA achten wir sehr auf die Ern\u00e4hrung und die Speisen, die wir unseren G\u00e4sten anbieten. F\u00fcr einen Aufenthalt, bei dem Sie sich rundum wohlf\u00fchlen, schlagen wir Ihnen eine gesunde Ern\u00e4hrung mit traditionellen [&hellip;]<\/p>\n","protected":false},"author":1,"featured_media":0,"parent":0,"menu_order":37,"comment_status":"closed","ping_status":"closed","template":"","meta":{"_acf_changed":false,"inline_featured_image":false,"footnotes":""},"class_list":["post-2976","page","type-page","status-publish","hentry"],"acf":[],"yoast_head":"<!-- This site is optimized with the Yoast SEO plugin v27.1.1 - https:\/\/yoast.com\/product\/yoast-seo-wordpress\/ -->\n<title>Restaurant Men\u00fc | Savoia Infoguest<\/title>\n<meta name=\"robots\" content=\"noindex, follow, max-snippet:-1, max-image-preview:large, max-video-preview:-1\" \/>\n<meta property=\"og:locale\" content=\"de_DE\" \/>\n<meta property=\"og:type\" content=\"article\" \/>\n<meta property=\"og:title\" content=\"Restaurant Men\u00fc | Savoia Infoguest\" \/>\n<meta property=\"og:description\" content=\"Restaurant MITTAGESSEN DINNER BAR WEINLISTE Gut zu leben bedeutet, auch bei der Ern\u00e4hrung auf Ihren K\u00f6rper zu achten. Im Hotel Savoia Thermae &amp; SPA achten wir sehr auf die Ern\u00e4hrung und die Speisen, die wir unseren G\u00e4sten anbieten. F\u00fcr einen Aufenthalt, bei dem Sie sich rundum wohlf\u00fchlen, schlagen wir Ihnen eine gesunde Ern\u00e4hrung mit traditionellen [&hellip;]\" \/>\n<meta property=\"og:url\" content=\"https:\/\/infoguest.promoservicebeta.com\/de\/restaurant-menue\/\" \/>\n<meta property=\"og:site_name\" content=\"Savoia Infoguest\" \/>\n<meta property=\"article:publisher\" content=\"http:\/\/www.facebook.com\/savoiaterme\" \/>\n<meta property=\"article:modified_time\" content=\"2026-03-11T11:03:57+00:00\" \/>\n<meta property=\"og:image\" content=\"https:\/\/infoguest.promoservicebeta.com\/wp-content\/uploads\/2025\/10\/logo_Savoia_infoguest.png\" \/>\n\t<meta property=\"og:image:width\" content=\"250\" \/>\n\t<meta property=\"og:image:height\" content=\"119\" \/>\n\t<meta property=\"og:image:type\" content=\"image\/png\" \/>\n<meta name=\"twitter:card\" content=\"summary_large_image\" \/>\n<meta name=\"twitter:label1\" content=\"Gesch\u00e4tzte Lesezeit\" \/>\n\t<meta name=\"twitter:data1\" content=\"1\u00a0Minute\" \/>\n<script type=\"application\/ld+json\" class=\"yoast-schema-graph\">{\"@context\":\"https:\/\/schema.org\",\"@graph\":[{\"@type\":\"WebPage\",\"@id\":\"https:\/\/infoguest.promoservicebeta.com\/de\/restaurant-menue\/\",\"url\":\"https:\/\/infoguest.promoservicebeta.com\/de\/restaurant-menue\/\",\"name\":\"Restaurant Men\u00fc | Savoia Infoguest\",\"isPartOf\":{\"@id\":\"https:\/\/infoguest.promoservicebeta.com\/de\/#website\"},\"datePublished\":\"2025-10-17T14:53:17+00:00\",\"dateModified\":\"2026-03-11T11:03:57+00:00\",\"breadcrumb\":{\"@id\":\"https:\/\/infoguest.promoservicebeta.com\/de\/restaurant-menue\/#breadcrumb\"},\"inLanguage\":\"de\",\"potentialAction\":[{\"@type\":\"ReadAction\",\"target\":[\"https:\/\/infoguest.promoservicebeta.com\/de\/restaurant-menue\/\"]}]},{\"@type\":\"BreadcrumbList\",\"@id\":\"https:\/\/infoguest.promoservicebeta.com\/de\/restaurant-menue\/#breadcrumb\",\"itemListElement\":[{\"@type\":\"ListItem\",\"position\":1,\"name\":\"Home\",\"item\":\"https:\/\/infoguest.promoservicebeta.com\/de\/\"},{\"@type\":\"ListItem\",\"position\":2,\"name\":\"Restaurant Men\u00fc\"}]},{\"@type\":\"WebSite\",\"@id\":\"https:\/\/infoguest.promoservicebeta.com\/de\/#website\",\"url\":\"https:\/\/infoguest.promoservicebeta.com\/de\/\",\"name\":\"Savoia Infoguest\",\"description\":\"\",\"publisher\":{\"@id\":\"https:\/\/infoguest.promoservicebeta.com\/de\/#organization\"},\"potentialAction\":[{\"@type\":\"SearchAction\",\"target\":{\"@type\":\"EntryPoint\",\"urlTemplate\":\"https:\/\/infoguest.promoservicebeta.com\/de\/?s={search_term_string}\"},\"query-input\":{\"@type\":\"PropertyValueSpecification\",\"valueRequired\":true,\"valueName\":\"search_term_string\"}}],\"inLanguage\":\"de\"},{\"@type\":\"Organization\",\"@id\":\"https:\/\/infoguest.promoservicebeta.com\/de\/#organization\",\"name\":\"Savoia Infoguest\",\"url\":\"https:\/\/infoguest.promoservicebeta.com\/de\/\",\"logo\":{\"@type\":\"ImageObject\",\"inLanguage\":\"de\",\"@id\":\"https:\/\/infoguest.promoservicebeta.com\/de\/#\/schema\/logo\/image\/\",\"url\":\"https:\/\/infoguest.promoservicebeta.com\/wp-content\/uploads\/2025\/10\/logo_Savoia_infoguest.png\",\"contentUrl\":\"https:\/\/infoguest.promoservicebeta.com\/wp-content\/uploads\/2025\/10\/logo_Savoia_infoguest.png\",\"width\":250,\"height\":119,\"caption\":\"Savoia Infoguest\"},\"image\":{\"@id\":\"https:\/\/infoguest.promoservicebeta.com\/de\/#\/schema\/logo\/image\/\"},\"sameAs\":[\"http:\/\/www.facebook.com\/savoiaterme\",\"https:\/\/www.instagram.com\/savoiatermeabano\/\",\"https:\/\/wa.me\/393371083111\"]}]}<\/script>\n<!-- \/ Yoast SEO plugin. -->","yoast_head_json":{"title":"Restaurant Men\u00fc | Savoia Infoguest","robots":{"index":"noindex","follow":"follow","max-snippet":"max-snippet:-1","max-image-preview":"max-image-preview:large","max-video-preview":"max-video-preview:-1"},"og_locale":"de_DE","og_type":"article","og_title":"Restaurant Men\u00fc | Savoia Infoguest","og_description":"Restaurant MITTAGESSEN DINNER BAR WEINLISTE Gut zu leben bedeutet, auch bei der Ern\u00e4hrung auf Ihren K\u00f6rper zu achten. Im Hotel Savoia Thermae &amp; SPA achten wir sehr auf die Ern\u00e4hrung und die Speisen, die wir unseren G\u00e4sten anbieten. F\u00fcr einen Aufenthalt, bei dem Sie sich rundum wohlf\u00fchlen, schlagen wir Ihnen eine gesunde Ern\u00e4hrung mit traditionellen [&hellip;]","og_url":"https:\/\/infoguest.promoservicebeta.com\/de\/restaurant-menue\/","og_site_name":"Savoia Infoguest","article_publisher":"http:\/\/www.facebook.com\/savoiaterme","article_modified_time":"2026-03-11T11:03:57+00:00","og_image":[{"width":250,"height":119,"url":"https:\/\/infoguest.promoservicebeta.com\/wp-content\/uploads\/2025\/10\/logo_Savoia_infoguest.png","type":"image\/png"}],"twitter_card":"summary_large_image","twitter_misc":{"Gesch\u00e4tzte Lesezeit":"1\u00a0Minute"},"schema":{"@context":"https:\/\/schema.org","@graph":[{"@type":"WebPage","@id":"https:\/\/infoguest.promoservicebeta.com\/de\/restaurant-menue\/","url":"https:\/\/infoguest.promoservicebeta.com\/de\/restaurant-menue\/","name":"Restaurant Men\u00fc | Savoia Infoguest","isPartOf":{"@id":"https:\/\/infoguest.promoservicebeta.com\/de\/#website"},"datePublished":"2025-10-17T14:53:17+00:00","dateModified":"2026-03-11T11:03:57+00:00","breadcrumb":{"@id":"https:\/\/infoguest.promoservicebeta.com\/de\/restaurant-menue\/#breadcrumb"},"inLanguage":"de","potentialAction":[{"@type":"ReadAction","target":["https:\/\/infoguest.promoservicebeta.com\/de\/restaurant-menue\/"]}]},{"@type":"BreadcrumbList","@id":"https:\/\/infoguest.promoservicebeta.com\/de\/restaurant-menue\/#breadcrumb","itemListElement":[{"@type":"ListItem","position":1,"name":"Home","item":"https:\/\/infoguest.promoservicebeta.com\/de\/"},{"@type":"ListItem","position":2,"name":"Restaurant Men\u00fc"}]},{"@type":"WebSite","@id":"https:\/\/infoguest.promoservicebeta.com\/de\/#website","url":"https:\/\/infoguest.promoservicebeta.com\/de\/","name":"Savoia Infoguest","description":"","publisher":{"@id":"https:\/\/infoguest.promoservicebeta.com\/de\/#organization"},"potentialAction":[{"@type":"SearchAction","target":{"@type":"EntryPoint","urlTemplate":"https:\/\/infoguest.promoservicebeta.com\/de\/?s={search_term_string}"},"query-input":{"@type":"PropertyValueSpecification","valueRequired":true,"valueName":"search_term_string"}}],"inLanguage":"de"},{"@type":"Organization","@id":"https:\/\/infoguest.promoservicebeta.com\/de\/#organization","name":"Savoia Infoguest","url":"https:\/\/infoguest.promoservicebeta.com\/de\/","logo":{"@type":"ImageObject","inLanguage":"de","@id":"https:\/\/infoguest.promoservicebeta.com\/de\/#\/schema\/logo\/image\/","url":"https:\/\/infoguest.promoservicebeta.com\/wp-content\/uploads\/2025\/10\/logo_Savoia_infoguest.png","contentUrl":"https:\/\/infoguest.promoservicebeta.com\/wp-content\/uploads\/2025\/10\/logo_Savoia_infoguest.png","width":250,"height":119,"caption":"Savoia Infoguest"},"image":{"@id":"https:\/\/infoguest.promoservicebeta.com\/de\/#\/schema\/logo\/image\/"},"sameAs":["http:\/\/www.facebook.com\/savoiaterme","https:\/\/www.instagram.com\/savoiatermeabano\/","https:\/\/wa.me\/393371083111"]}]}},"_links":{"self":[{"href":"https:\/\/infoguest.promoservicebeta.com\/de\/wp-json\/wp\/v2\/pages\/2976","targetHints":{"allow":["GET"]}}],"collection":[{"href":"https:\/\/infoguest.promoservicebeta.com\/de\/wp-json\/wp\/v2\/pages"}],"about":[{"href":"https:\/\/infoguest.promoservicebeta.com\/de\/wp-json\/wp\/v2\/types\/page"}],"author":[{"embeddable":true,"href":"https:\/\/infoguest.promoservicebeta.com\/de\/wp-json\/wp\/v2\/users\/1"}],"replies":[{"embeddable":true,"href":"https:\/\/infoguest.promoservicebeta.com\/de\/wp-json\/wp\/v2\/comments?post=2976"}],"version-history":[{"count":5,"href":"https:\/\/infoguest.promoservicebeta.com\/de\/wp-json\/wp\/v2\/pages\/2976\/revisions"}],"predecessor-version":[{"id":3021,"href":"https:\/\/infoguest.promoservicebeta.com\/de\/wp-json\/wp\/v2\/pages\/2976\/revisions\/3021"}],"wp:attachment":[{"href":"https:\/\/infoguest.promoservicebeta.com\/de\/wp-json\/wp\/v2\/media?parent=2976"}],"curies":[{"name":"wp","href":"https:\/\/api.w.org\/{rel}","templated":true}]}}